{"id":2,"date":"2019-04-08T08:59:22","date_gmt":"2019-04-08T06:59:22","guid":{"rendered":"http:\/\/vicantan.com\/?page_id=2"},"modified":"2022-10-26T23:08:20","modified_gmt":"2022-10-26T21:08:20","slug":"inicio","status":"publish","type":"page","link":"https:\/\/vicantan.com\/en\/","title":{"rendered":"Enjoy the food and ambiance"},"content":{"rendered":"<section class=\"intro\">\n<div class=\"container\">\n<div class=\"row contact-cl\">\n<div class=\"col-md contact-cl\" align=\"center\"><img decoding=\"async\" loading=\"lazy\" class=\"attachment-full size-full\" src=\"https:\/\/vicantan.com\/wp-content\/uploads\/2022\/06\/DSC0754.jpg\" alt=\"\" width=\"350\" height=\"500\"><\/div>\n<div class=\"col-md contact-cl\" align=\"center\">\n<div class=\"smalltitle margin-b16\">WELCOME<\/div>\n<h2 class=\"home-title\">Chef Vicantan<\/h2>\n<p>We invite you to visit our restaurant in Benalm\u00e1dena, specialising in Mediterranean food. Enjoy in a quiet atmosphere with your family, friends, partner or work colleagues tasting the best dishes.<\/p>\n<p><a class=\"view-more margin-t24\" href=\"#book\">Book now<\/a><\/p>\n<\/div>\n<div class=\"col-md contact-cl\" align=\"center\"><img decoding=\"async\" loading=\"lazy\" class=\"attachment-full size-full\" src=\"https:\/\/vicantan.com\/wp-content\/uploads\/2022\/06\/DSC0770.jpg\" alt=\"\" width=\"350\" height=\"500\"><\/div>\n<\/div>\n<\/div>\n<\/section>\n<section id=\"img-overlay-intro\">\n<div class=\"container\">\n<div class=\"row contact-cl\">\n<div class=\"col-md contact-cl\" align=\"center\">\n<div class=\"smalltitle margin-b16\" style=\"color: #fff;\">Sensations<\/div>\n<h3 class=\"home-title\" style=\"color: #fff;\">There is no love more sincere than the one we feel towards food<\/h3>\n<\/div>\n<\/div>\n<\/div>\n<\/section>\n<section class=\"intro\">\n<div class=\"container\">\n<div class=\"row contact-cl\">\n<div class=\"col-md contact-cl\" align=\"center\">\n<div class=\"smalltitle margin-b16\">Discover<\/div>\n<h2 class=\"home-title\">Our Menu<\/h2>\n<div class=\"txt\">We have an extensive menu, where you can always find the best dish, adapted to your personal tastes. We opt for quality and local produce. We have a menu with a variety of Mediterranean food.<\/div>\n<p><a class=\"view-more margin-t24\" href=\"https:\/\/vicantan.com\/en\/menu\/\">Look menu<\/a><\/p>\n<\/div>\n<\/div>\n<\/div>\n<\/section>\n<section id=\"img-overlay-second\">\n<div class=\"container\">\n<div class=\"row contact-cl\">\n<div class=\"col-md contact-cl\" align=\"center\">\n<div class=\"smalltitle margin-b16\" style=\"color: #fff;\">Live it<\/div>\n<h3 class=\"home-title\" style=\"color: #fff;\">The kitchen is alchemy of love<\/h3>\n<\/div>\n<\/div>\n<\/div>\n<\/section>\n<section class=\"intro\">\n<div class=\"container\">\n<div class=\"row contact-cl\">\n<div class=\"col-md contact-cl\" align=\"center\">\n<div class=\"smalltitle margin-b16\">Professional<\/div>\n<h2 class=\"home-title\">Our cuisine<\/h2>\n<p>Mediterranean food, one of the most admired in the culinary world, and which includes Andalusian cuisine, is one of the tastiest and most beneficial for our health. Our chef is a specialist in Mediterranean food. We invite you to enjoy the food and the atmosphere in our restaurant.<br \/>\n<a class=\"view-more margin-t24\" href=\"https:\/\/vicantan.com\/en\/galeria\/\">See gallery<\/a><\/p>\n<\/div>\n<div class=\"col-md contact-cl\" align=\"center\"><img decoding=\"async\" class=\"attachment-full size-full\" src=\"https:\/\/vicantan.com\/wp-content\/uploads\/2022\/06\/DSC0485-1.jpg\" alt=\"\" style=\"max-height: 450px; width: auto;\"><\/div>\n<\/div>\n<\/div>\n<\/section>\n<section id=\"img-overlay-third\">\n<div class=\"container\">\n<div class=\"row contact-cl\">\n<div class=\"col-md contact-cl\" align=\"center\">\n<div class=\"smalltitle margin-b16\" style=\"color: #fff;\">Experiences<\/div>\n<h3 class=\"home-title\" style=\"color: #fff;\">A well-balanced dish is like a poem to the development of life<\/h3>\n<\/div>\n<\/div>\n<\/div>\n<\/section>\n<section id=\"book\">\n<div class=\"container\">\n<div class=\"row contact-cl\">\n<div class=\"col-md\" align=\"center\">\n<div class=\"smalltitle margin-b16\">Contact<\/div>\n<h2>Book now<\/h2>\n<\/div>\n<\/div>\n<div class=\"row contact-cl\">\n<div class=\"col-md contact-cl\" align=\"center\">\nMake a reservation at our restaurant in Benalmadena and enjoy the best cuisine on the coast!<\/div>\n<\/div>\n<div class=\"row contact-cl\">\n<div class=\"col-md contact-cl\" align=\"center\">\n<div class=\"wpcf7 no-js\" id=\"wpcf7-f1962-o1\" lang=\"es-ES\" dir=\"ltr\">\n<div class=\"screen-reader-response\"><p role=\"status\" aria-live=\"polite\" aria-atomic=\"true\"><\/p> <ul><\/ul><\/div>\n<form action=\"\/en\/wp-json\/wp\/v2\/pages\/2#wpcf7-f1962-o1\" method=\"post\" class=\"wpcf7-form init\" aria-label=\"Formulario de contacto\" novalidate=\"novalidate\" data-status=\"init\">\n<div style=\"display: none;\">\n<input type=\"hidden\" name=\"_wpcf7\" value=\"1962\" \/>\n<input type=\"hidden\" name=\"_wpcf7_version\" value=\"5.7.7\" \/>\n<input type=\"hidden\" name=\"_wpcf7_locale\" value=\"es_ES\" \/>\n<input type=\"hidden\" name=\"_wpcf7_unit_tag\" value=\"wpcf7-f1962-o1\" \/>\n<input type=\"hidden\" name=\"_wpcf7_container_post\" value=\"0\" \/>\n<input type=\"hidden\" name=\"_wpcf7_posted_data_hash\" value=\"\" \/>\n<input type=\"hidden\" name=\"lang\" value=\"en\" \/>\n<\/div>\n<div class=\"row\">\n\t<div class=\"col-md\" align=\"center\">\n\t\t<p><span class=\"wpcf7-form-control-wrap\" data-name=\"your-name\"><input size=\"40\" class=\"wpcf7-form-control wpcf7-text wpcf7-validates-as-required comm-field\" aria-required=\"true\" aria-invalid=\"false\" placeholder=\"Name\" value=\"\" type=\"text\" name=\"your-name\" \/><\/span>\n\t\t<\/p>\n\t<\/div>\n\t<div class=\"col-md\" align=\"center\">\n\t\t<p><span class=\"wpcf7-form-control-wrap\" data-name=\"your-email\"><input size=\"40\" class=\"wpcf7-form-control wpcf7-text wpcf7-email wpcf7-validates-as-required wpcf7-validates-as-email comm-field\" aria-required=\"true\" aria-invalid=\"false\" placeholder=\"Email\" value=\"\" type=\"email\" name=\"your-email\" \/><\/span>\n\t\t<\/p>\n\t<\/div>\n\t<div class=\"col-md\" align=\"center\">\n\t\t<p><span class=\"wpcf7-form-control-wrap\" data-name=\"tel-842\"><input size=\"40\" class=\"wpcf7-form-control wpcf7-text wpcf7-tel wpcf7-validates-as-required wpcf7-validates-as-tel comm-field\" aria-required=\"true\" aria-invalid=\"false\" placeholder=\"Contact number\" value=\"\" type=\"tel\" name=\"tel-842\" \/><\/span>\n\t\t<\/p>\n\t<\/div>\n<\/div>\n<div class=\"row\">\n\t<div class=\"col-md\" align=\"center\">\n\t\t<p><span class=\"wpcf7-form-control-wrap\" data-name=\"your-message\"><textarea cols=\"40\" rows=\"10\" class=\"wpcf7-form-control wpcf7-textarea\" id=\"msg-contact\" aria-invalid=\"false\" placeholder=\"Your message\" name=\"your-message\"><\/textarea><\/span><br \/>\n<span id=\"wpcf7-69edbea7ed21f-wrapper\" class=\"wpcf7-form-control-wrap Surname-wrap\" style=\"display:none !important; visibility:hidden !important;\"><label for=\"wpcf7-69edbea7ed21f-field\" class=\"hp-message\">Por favor, deja este campo vac\u00edo.<\/label><input id=\"wpcf7-69edbea7ed21f-field\"  class=\"wpcf7-form-control wpcf7-text\" type=\"text\" name=\"Surname\" value=\"\" size=\"40\" tabindex=\"-1\" autocomplete=\"new-password\" \/><\/span><br \/>\n<span class=\"wpcf7-form-control-wrap\" data-name=\"your-consent\"><span class=\"wpcf7-form-control wpcf7-acceptance\"><span class=\"wpcf7-list-item\"><label><input type=\"checkbox\" name=\"your-consent\" value=\"1\" aria-invalid=\"false\" \/><span class=\"wpcf7-list-item-label\"><a href=\"https:\/\/vicantan.com\/aviso-legal-y-politica-de-privacidad\/\">I have read and accept the legal notice and privacy policy.<\/a><\/span><\/label><\/span><\/span><\/span><br \/>\n<input class=\"wpcf7-form-control has-spinner wpcf7-submit\" type=\"submit\" value=\"SEND\" \/>\n\t\t<\/p>\n\t<\/div>\n<\/div><div class=\"wpcf7-response-output\" aria-hidden=\"true\"><\/div>\n<\/form>\n<\/div>\n<\/div>\n<\/div>\n<\/div>\n<\/section>\n","protected":false},"excerpt":{"rendered":"<p>WELCOME Chef Vicantan We invite you to visit our restaurant in Benalm\u00e1dena, specialising in Mediterranean food. Enjoy in a quiet atmosphere with your family, friends, partner or work colleagues tasting the best dishes. Book now Sensations There is no love more sincere than the one we feel towards food Discover Our Menu We have an extensive menu, where you can&#8230;<\/p>\n","protected":false},"author":1,"featured_media":1947,"parent":0,"menu_order":0,"comment_status":"closed","ping_status":"closed","template":"my-templates\/template-fullscreen.php","meta":[],"yoast_head":"<!-- This site is optimized with the Yoast SEO plugin v20.11 - https:\/\/yoast.com\/wordpress\/plugins\/seo\/ -->\n<title>Enjoy the food and ambiance - Chef Vicantan - Restaurante en Benalm\u00e1dena<\/title>\n<meta name=\"description\" content=\"Abre sus pruertas nuevo restaurante de Benalm\u00e1dena. Comida elaborada por Chef profesional.Le invitamos a visitar nuestro restaurante en Benalm\u00e1dena, especialista en comida medirerr\u00e1nea. Disfrute en un ambiente tranquilo con su familia, amigos, pareja o compa\u00f1eros de trabajo degustando los mejores platos.\" \/>\n<meta name=\"robots\" content=\"index, follow, max-snippet:-1, max-image-preview:large, max-video-preview:-1\" \/>\n<link rel=\"canonical\" href=\"https:\/\/vicantan.com\/\" \/>\n<meta property=\"og:locale\" content=\"en_GB\" \/>\n<meta property=\"og:type\" content=\"article\" \/>\n<meta property=\"og:title\" content=\"Enjoy the food and ambiance\" \/>\n<meta property=\"og:description\" content=\"Abre sus pruertas nuevo restaurante de Benalm\u00e1dena. Comida elaborada por Chef profesional.Le invitamos a visitar nuestro restaurante en Benalm\u00e1dena, especialista en comida medirerr\u00e1nea. Disfrute en un ambiente tranquilo con su familia, amigos, pareja o compa\u00f1eros de trabajo degustando los mejores platos.\" \/>\n<meta property=\"og:url\" content=\"https:\/\/vicantan.com\/\" \/>\n<meta property=\"og:site_name\" content=\"Chef Vicantan\" \/>\n<meta property=\"article:modified_time\" content=\"2022-10-26T21:08:20+00:00\" \/>\n<meta property=\"og:image\" content=\"https:\/\/vicantan.com\/wp-content\/uploads\/2022\/06\/DSC0617.jpg\" \/>\n\t<meta property=\"og:image:width\" content=\"1200\" \/>\n\t<meta property=\"og:image:height\" content=\"801\" \/>\n\t<meta property=\"og:image:type\" content=\"image\/jpeg\" \/>\n<meta name=\"twitter:card\" content=\"summary_large_image\" \/>\n<meta name=\"twitter:label1\" content=\"Estimated reading time\" \/>\n\t<meta name=\"twitter:data1\" content=\"3 minutes\" \/>\n<script type=\"application\/ld+json\" class=\"yoast-schema-graph\">{\"@context\":\"https:\/\/schema.org\",\"@graph\":[{\"@type\":\"WebPage\",\"@id\":\"https:\/\/vicantan.com\/\",\"url\":\"https:\/\/vicantan.com\/\",\"name\":\"[:en]Enjoy the food and ambiance[:es]Disfrute la comida y el ambiente[:] - Chef Vicantan - Restaurante en Benalm\u00e1dena\",\"isPartOf\":{\"@id\":\"https:\/\/vicantan.com\/#website\"},\"datePublished\":\"2019-04-08T06:59:22+00:00\",\"dateModified\":\"2022-10-26T21:08:20+00:00\",\"description\":\"Abre sus pruertas nuevo restaurante de Benalm\u00e1dena. Comida elaborada por Chef profesional.Le invitamos a visitar nuestro restaurante en Benalm\u00e1dena, especialista en comida medirerr\u00e1nea. Disfrute en un ambiente tranquilo con su familia, amigos, pareja o compa\u00f1eros de trabajo degustando los mejores platos.\",\"breadcrumb\":{\"@id\":\"https:\/\/vicantan.com\/#breadcrumb\"},\"inLanguage\":\"en-GB\",\"potentialAction\":[{\"@type\":\"ReadAction\",\"target\":[\"https:\/\/vicantan.com\/\"]}]},{\"@type\":\"BreadcrumbList\",\"@id\":\"https:\/\/vicantan.com\/#breadcrumb\",\"itemListElement\":[{\"@type\":\"ListItem\",\"position\":1,\"name\":\"Portada\",\"item\":\"https:\/\/vicantan.com\/\"},{\"@type\":\"ListItem\",\"position\":2,\"name\":\"Disfrute la comida y el ambiente\"}]},{\"@type\":\"WebSite\",\"@id\":\"https:\/\/vicantan.com\/#website\",\"url\":\"https:\/\/vicantan.com\/\",\"name\":\"Chef Vicantan\",\"description\":\"Restaurante en Benalm\u00e1dena\",\"publisher\":{\"@id\":\"https:\/\/vicantan.com\/#organization\"},\"potentialAction\":[{\"@type\":\"SearchAction\",\"target\":{\"@type\":\"EntryPoint\",\"urlTemplate\":\"https:\/\/vicantan.com\/?s={search_term_string}\"},\"query-input\":\"required name=search_term_string\"}],\"inLanguage\":\"en-GB\"},{\"@type\":\"Organization\",\"@id\":\"https:\/\/vicantan.com\/#organization\",\"name\":\"Chef Vicantan\",\"url\":\"https:\/\/vicantan.com\/\",\"logo\":{\"@type\":\"ImageObject\",\"inLanguage\":\"en-GB\",\"@id\":\"https:\/\/vicantan.com\/#\/schema\/logo\/image\/\",\"url\":\"https:\/\/vicantan.com\/wp-content\/uploads\/2019\/04\/cropped-cv-logo1.png\",\"contentUrl\":\"https:\/\/vicantan.com\/wp-content\/uploads\/2019\/04\/cropped-cv-logo1.png\",\"width\":147,\"height\":54,\"caption\":\"Chef Vicantan\"},\"image\":{\"@id\":\"https:\/\/vicantan.com\/#\/schema\/logo\/image\/\"}}]}<\/script>\n<!-- \/ Yoast SEO plugin. -->","yoast_head_json":{"title":"Enjoy the food and ambiance - Chef Vicantan - Restaurante en Benalm\u00e1dena","description":"Abre sus pruertas nuevo restaurante de Benalm\u00e1dena. Comida elaborada por Chef profesional.Le invitamos a visitar nuestro restaurante en Benalm\u00e1dena, especialista en comida medirerr\u00e1nea. Disfrute en un ambiente tranquilo con su familia, amigos, pareja o compa\u00f1eros de trabajo degustando los mejores platos.","robots":{"index":"index","follow":"follow","max-snippet":"max-snippet:-1","max-image-preview":"max-image-preview:large","max-video-preview":"max-video-preview:-1"},"canonical":"https:\/\/vicantan.com\/","og_locale":"en_GB","og_type":"article","og_title":"[:en]Enjoy the food and ambiance[:es]Disfrute la comida y el ambiente[:] - Chef Vicantan - Restaurante en Benalm\u00e1dena","og_description":"Abre sus pruertas nuevo restaurante de Benalm\u00e1dena. Comida elaborada por Chef profesional.Le invitamos a visitar nuestro restaurante en Benalm\u00e1dena, especialista en comida medirerr\u00e1nea. Disfrute en un ambiente tranquilo con su familia, amigos, pareja o compa\u00f1eros de trabajo degustando los mejores platos.","og_url":"https:\/\/vicantan.com\/","og_site_name":"Chef Vicantan","article_modified_time":"2022-10-26T21:08:20+00:00","og_image":[{"width":1200,"height":801,"url":"https:\/\/vicantan.com\/wp-content\/uploads\/2022\/06\/DSC0617.jpg","type":"image\/jpeg"}],"twitter_card":"summary_large_image","twitter_misc":{"Estimated reading time":"3 minutes"},"schema":{"@context":"https:\/\/schema.org","@graph":[{"@type":"WebPage","@id":"https:\/\/vicantan.com\/","url":"https:\/\/vicantan.com\/","name":"[:en]Enjoy the food and ambiance[:es]Disfrute la comida y el ambiente[:] - Chef Vicantan - Restaurante en Benalm\u00e1dena","isPartOf":{"@id":"https:\/\/vicantan.com\/#website"},"datePublished":"2019-04-08T06:59:22+00:00","dateModified":"2022-10-26T21:08:20+00:00","description":"Abre sus pruertas nuevo restaurante de Benalm\u00e1dena. Comida elaborada por Chef profesional.Le invitamos a visitar nuestro restaurante en Benalm\u00e1dena, especialista en comida medirerr\u00e1nea. Disfrute en un ambiente tranquilo con su familia, amigos, pareja o compa\u00f1eros de trabajo degustando los mejores platos.","breadcrumb":{"@id":"https:\/\/vicantan.com\/#breadcrumb"},"inLanguage":"en-GB","potentialAction":[{"@type":"ReadAction","target":["https:\/\/vicantan.com\/"]}]},{"@type":"BreadcrumbList","@id":"https:\/\/vicantan.com\/#breadcrumb","itemListElement":[{"@type":"ListItem","position":1,"name":"Portada","item":"https:\/\/vicantan.com\/"},{"@type":"ListItem","position":2,"name":"Disfrute la comida y el ambiente"}]},{"@type":"WebSite","@id":"https:\/\/vicantan.com\/#website","url":"https:\/\/vicantan.com\/","name":"Chef Vicantan","description":"Restaurante en Benalm\u00e1dena","publisher":{"@id":"https:\/\/vicantan.com\/#organization"},"potentialAction":[{"@type":"SearchAction","target":{"@type":"EntryPoint","urlTemplate":"https:\/\/vicantan.com\/?s={search_term_string}"},"query-input":"required name=search_term_string"}],"inLanguage":"en-GB"},{"@type":"Organization","@id":"https:\/\/vicantan.com\/#organization","name":"Chef Vicantan","url":"https:\/\/vicantan.com\/","logo":{"@type":"ImageObject","inLanguage":"en-GB","@id":"https:\/\/vicantan.com\/#\/schema\/logo\/image\/","url":"https:\/\/vicantan.com\/wp-content\/uploads\/2019\/04\/cropped-cv-logo1.png","contentUrl":"https:\/\/vicantan.com\/wp-content\/uploads\/2019\/04\/cropped-cv-logo1.png","width":147,"height":54,"caption":"Chef Vicantan"},"image":{"@id":"https:\/\/vicantan.com\/#\/schema\/logo\/image\/"}}]}},"_links":{"self":[{"href":"https:\/\/vicantan.com\/en\/wp-json\/wp\/v2\/pages\/2"}],"collection":[{"href":"https:\/\/vicantan.com\/en\/wp-json\/wp\/v2\/pages"}],"about":[{"href":"https:\/\/vicantan.com\/en\/wp-json\/wp\/v2\/types\/page"}],"author":[{"embeddable":true,"href":"https:\/\/vicantan.com\/en\/wp-json\/wp\/v2\/users\/1"}],"replies":[{"embeddable":true,"href":"https:\/\/vicantan.com\/en\/wp-json\/wp\/v2\/comments?post=2"}],"version-history":[{"count":135,"href":"https:\/\/vicantan.com\/en\/wp-json\/wp\/v2\/pages\/2\/revisions"}],"predecessor-version":[{"id":2852,"href":"https:\/\/vicantan.com\/en\/wp-json\/wp\/v2\/pages\/2\/revisions\/2852"}],"wp:featuredmedia":[{"embeddable":true,"href":"https:\/\/vicantan.com\/en\/wp-json\/wp\/v2\/media\/1947"}],"wp:attachment":[{"href":"https:\/\/vicantan.com\/en\/wp-json\/wp\/v2\/media?parent=2"}],"curies":[{"name":"wp","href":"https:\/\/api.w.org\/{rel}","templated":true}]}}